{"id":288,"date":"2025-04-09T14:38:57","date_gmt":"2025-04-09T14:38:57","guid":{"rendered":"https:\/\/velazo-b2b.com\/product\/faucet-steel-black-kitchen-tap-with-cold-and-hot-water-brass-sink-for-washing-vegetables-and-dishes-360-swivel\/"},"modified":"2026-02-16T11:02:00","modified_gmt":"2026-02-16T10:02:00","slug":"stalowa-czarna-bateria-kuchenna-z-zimna-i-ciepla-woda-mosiezny-zlew-do-mycia-warzyw-i-naczyn-360-obrotow","status":"publish","type":"product","link":"https:\/\/velazo-b2b.com\/pl\/produkt\/stalowa-czarna-bateria-kuchenna-z-zimna-i-ciepla-woda-mosiezny-zlew-do-mycia-warzyw-i-naczyn-360-obrotow\/","title":{"rendered":"Stalowa czarna bateria kuchenna z zimn\u0105 i ciep\u0142\u0105 wod\u0105, mosi\u0119\u017cny zlew do mycia warzyw i naczy\u0144 360\u00b0 obrotowy"},"content":{"rendered":"<p><strong>Dane techniczne:<\/strong><br \/>G\u0142owica: ceramiczna<br \/>Materia\u0142: mosi\u0105dz<br \/>Wyko\u0144czenie: grafitowa polerowana farba<br \/>Aerator: tak<br \/>Typ: pojedyncza d\u017awignia<br \/>Otw\u00f3r monta\u017cowy: standardowy, uniwersalny<\/p>\n<p>Wysoko\u015b\u0107: 280 cm<\/p>\n<p>Zakres wylewki: 17 cm<\/p>\n<\/p>\n<p><strong>W zestawie:<\/strong><\/p>\n<p>Bateria kuchenna<\/p>\n<p>W\u0119\u017ce przy\u0142\u0105czeniowe<\/p>\n<p>Mosi\u0119\u017cne mocowanie<\/p>","protected":false},"excerpt":{"rendered":"<p>Technical data:Head: ceramicMaterial: brassFinish: graphite polished paintAerator: yesType: single-leverMounting hole: standard, universal Height: 280 cm Spout range: 17 cm Included: &#9989; Kitchen faucet &#9989; Connection hoses &#9989; Brass mounting<\/p>","protected":false},"featured_media":287,"comment_status":"open","ping_status":"closed","template":"","meta":[],"product_cat":[67],"product_tag":[32,23],"class_list":{"0":"post-288","1":"product","2":"type-product","3":"status-publish","4":"has-post-thumbnail","6":"product_cat-sink-faucets","7":"product_tag-black-kitchen-faucets","8":"product_tag-sink-faucets","10":"first","11":"outofstock","12":"taxable","13":"shipping-taxable","14":"product-type-simple"},"yoast_head":"<!-- This site is optimized with the Yoast SEO plugin v27.4 - https:\/\/yoast.com\/product\/yoast-seo-wordpress\/ -->\n<title>Faucet steel black kitchen tap with cold and hot water, brass sink for washing vegetables and dishes 360\u00b0 swivel - VELAZO.<\/title>\n<meta name=\"robots\" content=\"index, follow, max-snippet:-1, max-image-preview:large, max-video-preview:-1\" \/>\n<link rel=\"canonical\" href=\"https:\/\/velazo-b2b.com\/pl\/produkt\/stalowa-czarna-bateria-kuchenna-z-zimna-i-ciepla-woda-mosiezny-zlew-do-mycia-warzyw-i-naczyn-360-obrotow\/\" \/>\n<meta property=\"og:locale\" content=\"pl_PL\" \/>\n<meta property=\"og:type\" content=\"article\" \/>\n<meta property=\"og:title\" content=\"Faucet steel black kitchen tap with cold and hot water, brass sink for washing vegetables and dishes 360\u00b0 swivel - VELAZO.\" \/>\n<meta property=\"og:description\" content=\"Technical data:Head: ceramicMaterial: brassFinish: graphite polished paintAerator: yesType: single-leverMounting hole: standard, universal Height: 280 cm Spout range: 17 cm Included: &#9989; Kitchen faucet &#9989; Connection hoses &#9989; Brass mounting\" \/>\n<meta property=\"og:url\" content=\"https:\/\/velazo-b2b.com\/pl\/produkt\/stalowa-czarna-bateria-kuchenna-z-zimna-i-ciepla-woda-mosiezny-zlew-do-mycia-warzyw-i-naczyn-360-obrotow\/\" \/>\n<meta property=\"og:site_name\" content=\"VELAZO.\" \/>\n<meta property=\"article:modified_time\" content=\"2026-02-16T10:02:00+00:00\" \/>\n<meta property=\"og:image\" content=\"https:\/\/velazo-b2b.com\/wp-content\/uploads\/2025\/04\/c6b97d06d070996ec92cda030a59b70a-scaled.jpg\" \/>\n\t<meta property=\"og:image:width\" content=\"2560\" \/>\n\t<meta property=\"og:image:height\" content=\"2560\" \/>\n\t<meta property=\"og:image:type\" content=\"image\/jpeg\" \/>\n<meta name=\"twitter:card\" content=\"summary_large_image\" \/>\n<script type=\"application\/ld+json\" class=\"yoast-schema-graph\">{\"@context\":\"https:\\\/\\\/schema.org\",\"@graph\":[{\"@type\":\"WebPage\",\"@id\":\"https:\\\/\\\/velazo-b2b.com\\\/product\\\/faucet-steel-black-kitchen-tap-with-cold-and-hot-water-brass-sink-for-washing-vegetables-and-dishes-360-swivel\\\/\",\"url\":\"https:\\\/\\\/velazo-b2b.com\\\/product\\\/faucet-steel-black-kitchen-tap-with-cold-and-hot-water-brass-sink-for-washing-vegetables-and-dishes-360-swivel\\\/\",\"name\":\"Faucet steel black kitchen tap with cold and hot water, brass sink for washing vegetables and dishes 360\u00b0 swivel - VELAZO.\",\"isPartOf\":{\"@id\":\"https:\\\/\\\/velazo-b2b.com\\\/#website\"},\"primaryImageOfPage\":{\"@id\":\"https:\\\/\\\/velazo-b2b.com\\\/product\\\/faucet-steel-black-kitchen-tap-with-cold-and-hot-water-brass-sink-for-washing-vegetables-and-dishes-360-swivel\\\/#primaryimage\"},\"image\":{\"@id\":\"https:\\\/\\\/velazo-b2b.com\\\/product\\\/faucet-steel-black-kitchen-tap-with-cold-and-hot-water-brass-sink-for-washing-vegetables-and-dishes-360-swivel\\\/#primaryimage\"},\"thumbnailUrl\":\"https:\\\/\\\/velazo-b2b.com\\\/wp-content\\\/uploads\\\/2025\\\/04\\\/c6b97d06d070996ec92cda030a59b70a-scaled.jpg\",\"datePublished\":\"2025-04-09T14:38:57+00:00\",\"dateModified\":\"2026-02-16T10:02:00+00:00\",\"breadcrumb\":{\"@id\":\"https:\\\/\\\/velazo-b2b.com\\\/product\\\/faucet-steel-black-kitchen-tap-with-cold-and-hot-water-brass-sink-for-washing-vegetables-and-dishes-360-swivel\\\/#breadcrumb\"},\"inLanguage\":\"pl-PL\",\"potentialAction\":[{\"@type\":\"ReadAction\",\"target\":[\"https:\\\/\\\/velazo-b2b.com\\\/product\\\/faucet-steel-black-kitchen-tap-with-cold-and-hot-water-brass-sink-for-washing-vegetables-and-dishes-360-swivel\\\/\"]}]},{\"@type\":\"ImageObject\",\"inLanguage\":\"pl-PL\",\"@id\":\"https:\\\/\\\/velazo-b2b.com\\\/product\\\/faucet-steel-black-kitchen-tap-with-cold-and-hot-water-brass-sink-for-washing-vegetables-and-dishes-360-swivel\\\/#primaryimage\",\"url\":\"https:\\\/\\\/velazo-b2b.com\\\/wp-content\\\/uploads\\\/2025\\\/04\\\/c6b97d06d070996ec92cda030a59b70a-scaled.jpg\",\"contentUrl\":\"https:\\\/\\\/velazo-b2b.com\\\/wp-content\\\/uploads\\\/2025\\\/04\\\/c6b97d06d070996ec92cda030a59b70a-scaled.jpg\",\"width\":2560,\"height\":2560},{\"@type\":\"BreadcrumbList\",\"@id\":\"https:\\\/\\\/velazo-b2b.com\\\/product\\\/faucet-steel-black-kitchen-tap-with-cold-and-hot-water-brass-sink-for-washing-vegetables-and-dishes-360-swivel\\\/#breadcrumb\",\"itemListElement\":[{\"@type\":\"ListItem\",\"position\":1,\"name\":\"Home\",\"item\":\"https:\\\/\\\/velazo-b2b.com\\\/\"},{\"@type\":\"ListItem\",\"position\":2,\"name\":\"Shop\",\"item\":\"https:\\\/\\\/velazo-b2b.com\\\/shop-page\\\/\"},{\"@type\":\"ListItem\",\"position\":3,\"name\":\"Faucet steel black kitchen tap with cold and hot water, brass sink for washing vegetables and dishes 360\u00b0 swivel\"}]},{\"@type\":\"WebSite\",\"@id\":\"https:\\\/\\\/velazo-b2b.com\\\/#website\",\"url\":\"https:\\\/\\\/velazo-b2b.com\\\/\",\"name\":\"VELAZO.\",\"description\":\"\",\"potentialAction\":[{\"@type\":\"SearchAction\",\"target\":{\"@type\":\"EntryPoint\",\"urlTemplate\":\"https:\\\/\\\/velazo-b2b.com\\\/?s={search_term_string}\"},\"query-input\":{\"@type\":\"PropertyValueSpecification\",\"valueRequired\":true,\"valueName\":\"search_term_string\"}}],\"inLanguage\":\"pl-PL\"}]}<\/script>\n<!-- \/ Yoast SEO plugin. -->","yoast_head_json":{"title":"Stalowo-czarna bateria kuchenna z zimn\u0105 i ciep\u0142\u0105 wod\u0105, mosi\u0119\u017cny zlewozmywak do mycia warzyw i naczy\u0144 360\u00b0 obrotowy - VELAZO.","robots":{"index":"index","follow":"follow","max-snippet":"max-snippet:-1","max-image-preview":"max-image-preview:large","max-video-preview":"max-video-preview:-1"},"canonical":"https:\/\/velazo-b2b.com\/pl\/produkt\/stalowa-czarna-bateria-kuchenna-z-zimna-i-ciepla-woda-mosiezny-zlew-do-mycia-warzyw-i-naczyn-360-obrotow\/","og_locale":"pl_PL","og_type":"article","og_title":"Faucet steel black kitchen tap with cold and hot water, brass sink for washing vegetables and dishes 360\u00b0 swivel - VELAZO.","og_description":"Technical data:Head: ceramicMaterial: brassFinish: graphite polished paintAerator: yesType: single-leverMounting hole: standard, universal Height: 280 cm Spout range: 17 cm Included: &#9989; Kitchen faucet &#9989; Connection hoses &#9989; Brass mounting","og_url":"https:\/\/velazo-b2b.com\/pl\/produkt\/stalowa-czarna-bateria-kuchenna-z-zimna-i-ciepla-woda-mosiezny-zlew-do-mycia-warzyw-i-naczyn-360-obrotow\/","og_site_name":"VELAZO.","article_modified_time":"2026-02-16T10:02:00+00:00","og_image":[{"width":2560,"height":2560,"url":"https:\/\/velazo-b2b.com\/wp-content\/uploads\/2025\/04\/c6b97d06d070996ec92cda030a59b70a-scaled.jpg","type":"image\/jpeg"}],"twitter_card":"summary_large_image","schema":{"@context":"https:\/\/schema.org","@graph":[{"@type":"WebPage","@id":"https:\/\/velazo-b2b.com\/product\/faucet-steel-black-kitchen-tap-with-cold-and-hot-water-brass-sink-for-washing-vegetables-and-dishes-360-swivel\/","url":"https:\/\/velazo-b2b.com\/product\/faucet-steel-black-kitchen-tap-with-cold-and-hot-water-brass-sink-for-washing-vegetables-and-dishes-360-swivel\/","name":"Stalowo-czarna bateria kuchenna z zimn\u0105 i ciep\u0142\u0105 wod\u0105, mosi\u0119\u017cny zlewozmywak do mycia warzyw i naczy\u0144 360\u00b0 obrotowy - VELAZO.","isPartOf":{"@id":"https:\/\/velazo-b2b.com\/#website"},"primaryImageOfPage":{"@id":"https:\/\/velazo-b2b.com\/product\/faucet-steel-black-kitchen-tap-with-cold-and-hot-water-brass-sink-for-washing-vegetables-and-dishes-360-swivel\/#primaryimage"},"image":{"@id":"https:\/\/velazo-b2b.com\/product\/faucet-steel-black-kitchen-tap-with-cold-and-hot-water-brass-sink-for-washing-vegetables-and-dishes-360-swivel\/#primaryimage"},"thumbnailUrl":"https:\/\/velazo-b2b.com\/wp-content\/uploads\/2025\/04\/c6b97d06d070996ec92cda030a59b70a-scaled.jpg","datePublished":"2025-04-09T14:38:57+00:00","dateModified":"2026-02-16T10:02:00+00:00","breadcrumb":{"@id":"https:\/\/velazo-b2b.com\/product\/faucet-steel-black-kitchen-tap-with-cold-and-hot-water-brass-sink-for-washing-vegetables-and-dishes-360-swivel\/#breadcrumb"},"inLanguage":"pl-PL","potentialAction":[{"@type":"ReadAction","target":["https:\/\/velazo-b2b.com\/product\/faucet-steel-black-kitchen-tap-with-cold-and-hot-water-brass-sink-for-washing-vegetables-and-dishes-360-swivel\/"]}]},{"@type":"ImageObject","inLanguage":"pl-PL","@id":"https:\/\/velazo-b2b.com\/product\/faucet-steel-black-kitchen-tap-with-cold-and-hot-water-brass-sink-for-washing-vegetables-and-dishes-360-swivel\/#primaryimage","url":"https:\/\/velazo-b2b.com\/wp-content\/uploads\/2025\/04\/c6b97d06d070996ec92cda030a59b70a-scaled.jpg","contentUrl":"https:\/\/velazo-b2b.com\/wp-content\/uploads\/2025\/04\/c6b97d06d070996ec92cda030a59b70a-scaled.jpg","width":2560,"height":2560},{"@type":"BreadcrumbList","@id":"https:\/\/velazo-b2b.com\/product\/faucet-steel-black-kitchen-tap-with-cold-and-hot-water-brass-sink-for-washing-vegetables-and-dishes-360-swivel\/#breadcrumb","itemListElement":[{"@type":"ListItem","position":1,"name":"Home","item":"https:\/\/velazo-b2b.com\/"},{"@type":"ListItem","position":2,"name":"Shop","item":"https:\/\/velazo-b2b.com\/shop-page\/"},{"@type":"ListItem","position":3,"name":"Faucet steel black kitchen tap with cold and hot water, brass sink for washing vegetables and dishes 360\u00b0 swivel"}]},{"@type":"WebSite","@id":"https:\/\/velazo-b2b.com\/#website","url":"https:\/\/velazo-b2b.com\/","name":"VELAZO.","description":"","potentialAction":[{"@type":"SearchAction","target":{"@type":"EntryPoint","urlTemplate":"https:\/\/velazo-b2b.com\/?s={search_term_string}"},"query-input":{"@type":"PropertyValueSpecification","valueRequired":true,"valueName":"search_term_string"}}],"inLanguage":"pl-PL"}]}},"_links":{"self":[{"href":"https:\/\/velazo-b2b.com\/pl\/wp-json\/wp\/v2\/product\/288","targetHints":{"allow":["GET"]}}],"collection":[{"href":"https:\/\/velazo-b2b.com\/pl\/wp-json\/wp\/v2\/product"}],"about":[{"href":"https:\/\/velazo-b2b.com\/pl\/wp-json\/wp\/v2\/types\/product"}],"replies":[{"embeddable":true,"href":"https:\/\/velazo-b2b.com\/pl\/wp-json\/wp\/v2\/comments?post=288"}],"version-history":[{"count":0,"href":"https:\/\/velazo-b2b.com\/pl\/wp-json\/wp\/v2\/product\/288\/revisions"}],"wp:featuredmedia":[{"embeddable":true,"href":"https:\/\/velazo-b2b.com\/pl\/wp-json\/wp\/v2\/media\/287"}],"wp:attachment":[{"href":"https:\/\/velazo-b2b.com\/pl\/wp-json\/wp\/v2\/media?parent=288"}],"wp:term":[{"taxonomy":"product_cat","embeddable":true,"href":"https:\/\/velazo-b2b.com\/pl\/wp-json\/wp\/v2\/product_cat?post=288"},{"taxonomy":"product_tag","embeddable":true,"href":"https:\/\/velazo-b2b.com\/pl\/wp-json\/wp\/v2\/product_tag?post=288"}],"curies":[{"name":"wp","href":"https:\/\/api.w.org\/{rel}","templated":true}]}}