{"id":290,"date":"2025-04-09T14:39:05","date_gmt":"2025-04-09T14:39:05","guid":{"rendered":"https:\/\/velazo-b2b.com\/product\/l-shaped-kitchen-tap-for-home-sink-vegetable-washing-tap-with-cold-and-hot-water-function-anti-splash\/"},"modified":"2026-04-14T13:48:03","modified_gmt":"2026-04-14T11:48:03","slug":"kran-kuchenny-w-ksztalcie-litery-l-do-domowego-zlewu-do-mycia-warzyw-z-funkcja-zimnej-i-cieplej-wody-z-zabezpieczeniem-przed-rozpryskiwaniem","status":"publish","type":"product","link":"https:\/\/velazo-b2b.com\/pl\/produkt\/kran-kuchenny-w-ksztalcie-litery-l-do-domowego-zlewu-do-mycia-warzyw-z-funkcja-zimnej-i-cieplej-wody-z-zabezpieczeniem-przed-rozpryskiwaniem\/","title":{"rendered":"Kran kuchenny w kszta\u0142cie litery L do domowego zlewu do mycia warzyw z funkcj\u0105 zimnej i ciep\u0142ej wody z zabezpieczeniem przed rozpryskiwaniem"},"content":{"rendered":"<p><strong>Dane techniczne:<\/strong><br \/>G\u0142owica: ceramiczna<br \/>Materia\u0142: mosi\u0105dz<br \/>Aerator: tak<br \/>Typ: pojedyncza d\u017awignia<br \/>Szeroko\u015b\u0107: 20 cm<br \/>Wysoko\u015b\u0107: 27\/29 cm<br \/>Otw\u00f3r monta\u017cowy: standardowy, uniwersalny<br \/>Kolor: Inox<\/p>\n<p>Bateria jest \u0142atwa w instalacji i posiada wszystkie niezb\u0119dne elementy do monta\u017cu. Jej powierzchnia jest \u0142atwa w czyszczeniu - wystarczy przetrze\u0107 j\u0105 wilgotn\u0105 \u015bciereczk\u0105, aby zachowa\u0107 estetyczny wygl\u0105d.Idealne rozwi\u0105zanie dla os\u00f3b ceni\u0105cych funkcjonalno\u015b\u0107 i elegancj\u0119 w swojej kuchni.<\/p><\/p>","protected":false},"excerpt":{"rendered":"<p>Dane techniczne:G\u0142owica: ceramicznaMateria\u0142: mosi\u0105dzAperator: takTyp: jednouchwytowaSzeroko\u015b\u0107: 20cmWysoko\u015b\u0107: 27\/29cmOtw\u00f3r monta\u017cowy: standardowy, uniwersalnyKolor: Inox Bateria jest \u0142atwa w instalacji i posiada wszystkie niezb\u0119dne elementy do monta\u017cu. Jej powierzchnia jest \u0142atwa<\/p>","protected":false},"featured_media":289,"comment_status":"open","ping_status":"closed","template":"","meta":[],"product_cat":[67],"product_tag":[23],"class_list":{"0":"post-290","1":"product","2":"type-product","3":"status-publish","4":"has-post-thumbnail","6":"product_cat-sink-faucets","7":"product_tag-sink-faucets","9":"first","10":"instock","11":"taxable","12":"shipping-taxable","13":"product-type-simple"},"yoast_head":"<!-- This site is optimized with the Yoast SEO plugin v27.4 - https:\/\/yoast.com\/product\/yoast-seo-wordpress\/ -->\n<title>L-shaped kitchen tap for home sink vegetable washing tap with cold and hot water function anti-splash - VELAZO.<\/title>\n<meta name=\"robots\" content=\"index, follow, max-snippet:-1, max-image-preview:large, max-video-preview:-1\" \/>\n<link rel=\"canonical\" href=\"https:\/\/velazo-b2b.com\/pl\/produkt\/kran-kuchenny-w-ksztalcie-litery-l-do-domowego-zlewu-do-mycia-warzyw-z-funkcja-zimnej-i-cieplej-wody-z-zabezpieczeniem-przed-rozpryskiwaniem\/\" \/>\n<meta property=\"og:locale\" content=\"pl_PL\" \/>\n<meta property=\"og:type\" content=\"article\" \/>\n<meta property=\"og:title\" content=\"L-shaped kitchen tap for home sink vegetable washing tap with cold and hot water function anti-splash - VELAZO.\" \/>\n<meta property=\"og:description\" content=\"Technical data:Head: ceramicMaterial: brassAerator: yesType: single-leverWidth: 20cmHeight: 27\/29cmMounting hole: standard, universalColor: Inox The faucet is easy to install and has all the necessary elements for assembly. Its surface is easy\" \/>\n<meta property=\"og:url\" content=\"https:\/\/velazo-b2b.com\/pl\/produkt\/kran-kuchenny-w-ksztalcie-litery-l-do-domowego-zlewu-do-mycia-warzyw-z-funkcja-zimnej-i-cieplej-wody-z-zabezpieczeniem-przed-rozpryskiwaniem\/\" \/>\n<meta property=\"og:site_name\" content=\"VELAZO.\" \/>\n<meta property=\"article:modified_time\" content=\"2026-04-14T11:48:03+00:00\" \/>\n<meta property=\"og:image\" content=\"https:\/\/velazo-b2b.com\/wp-content\/uploads\/2025\/04\/df1eb1a813e67b802249e51349f809dc-scaled.jpg\" \/>\n\t<meta property=\"og:image:width\" content=\"2560\" \/>\n\t<meta property=\"og:image:height\" content=\"2560\" \/>\n\t<meta property=\"og:image:type\" content=\"image\/jpeg\" \/>\n<meta name=\"twitter:card\" content=\"summary_large_image\" \/>\n<script type=\"application\/ld+json\" class=\"yoast-schema-graph\">{\"@context\":\"https:\\\/\\\/schema.org\",\"@graph\":[{\"@type\":\"WebPage\",\"@id\":\"https:\\\/\\\/velazo-b2b.com\\\/product\\\/l-shaped-kitchen-tap-for-home-sink-vegetable-washing-tap-with-cold-and-hot-water-function-anti-splash\\\/\",\"url\":\"https:\\\/\\\/velazo-b2b.com\\\/product\\\/l-shaped-kitchen-tap-for-home-sink-vegetable-washing-tap-with-cold-and-hot-water-function-anti-splash\\\/\",\"name\":\"L-shaped kitchen tap for home sink vegetable washing tap with cold and hot water function anti-splash - VELAZO.\",\"isPartOf\":{\"@id\":\"https:\\\/\\\/velazo-b2b.com\\\/#website\"},\"primaryImageOfPage\":{\"@id\":\"https:\\\/\\\/velazo-b2b.com\\\/product\\\/l-shaped-kitchen-tap-for-home-sink-vegetable-washing-tap-with-cold-and-hot-water-function-anti-splash\\\/#primaryimage\"},\"image\":{\"@id\":\"https:\\\/\\\/velazo-b2b.com\\\/product\\\/l-shaped-kitchen-tap-for-home-sink-vegetable-washing-tap-with-cold-and-hot-water-function-anti-splash\\\/#primaryimage\"},\"thumbnailUrl\":\"https:\\\/\\\/velazo-b2b.com\\\/wp-content\\\/uploads\\\/2025\\\/04\\\/df1eb1a813e67b802249e51349f809dc-scaled.jpg\",\"datePublished\":\"2025-04-09T14:39:05+00:00\",\"dateModified\":\"2026-04-14T11:48:03+00:00\",\"breadcrumb\":{\"@id\":\"https:\\\/\\\/velazo-b2b.com\\\/product\\\/l-shaped-kitchen-tap-for-home-sink-vegetable-washing-tap-with-cold-and-hot-water-function-anti-splash\\\/#breadcrumb\"},\"inLanguage\":\"pl-PL\",\"potentialAction\":[{\"@type\":\"ReadAction\",\"target\":[\"https:\\\/\\\/velazo-b2b.com\\\/product\\\/l-shaped-kitchen-tap-for-home-sink-vegetable-washing-tap-with-cold-and-hot-water-function-anti-splash\\\/\"]}]},{\"@type\":\"ImageObject\",\"inLanguage\":\"pl-PL\",\"@id\":\"https:\\\/\\\/velazo-b2b.com\\\/product\\\/l-shaped-kitchen-tap-for-home-sink-vegetable-washing-tap-with-cold-and-hot-water-function-anti-splash\\\/#primaryimage\",\"url\":\"https:\\\/\\\/velazo-b2b.com\\\/wp-content\\\/uploads\\\/2025\\\/04\\\/df1eb1a813e67b802249e51349f809dc-scaled.jpg\",\"contentUrl\":\"https:\\\/\\\/velazo-b2b.com\\\/wp-content\\\/uploads\\\/2025\\\/04\\\/df1eb1a813e67b802249e51349f809dc-scaled.jpg\",\"width\":2560,\"height\":2560},{\"@type\":\"BreadcrumbList\",\"@id\":\"https:\\\/\\\/velazo-b2b.com\\\/product\\\/l-shaped-kitchen-tap-for-home-sink-vegetable-washing-tap-with-cold-and-hot-water-function-anti-splash\\\/#breadcrumb\",\"itemListElement\":[{\"@type\":\"ListItem\",\"position\":1,\"name\":\"Home\",\"item\":\"https:\\\/\\\/velazo-b2b.com\\\/\"},{\"@type\":\"ListItem\",\"position\":2,\"name\":\"Shop\",\"item\":\"https:\\\/\\\/velazo-b2b.com\\\/shop-page\\\/\"},{\"@type\":\"ListItem\",\"position\":3,\"name\":\"L-shaped kitchen tap for home sink vegetable washing tap with cold and hot water function anti-splash\"}]},{\"@type\":\"WebSite\",\"@id\":\"https:\\\/\\\/velazo-b2b.com\\\/#website\",\"url\":\"https:\\\/\\\/velazo-b2b.com\\\/\",\"name\":\"VELAZO.\",\"description\":\"\",\"potentialAction\":[{\"@type\":\"SearchAction\",\"target\":{\"@type\":\"EntryPoint\",\"urlTemplate\":\"https:\\\/\\\/velazo-b2b.com\\\/?s={search_term_string}\"},\"query-input\":{\"@type\":\"PropertyValueSpecification\",\"valueRequired\":true,\"valueName\":\"search_term_string\"}}],\"inLanguage\":\"pl-PL\"}]}<\/script>\n<!-- \/ Yoast SEO plugin. -->","yoast_head_json":{"title":"Bateria kuchenna w kszta\u0142cie litery L do domowego zlewozmywaka do mycia warzyw z funkcj\u0105 zimnej i ciep\u0142ej wody - VELAZO.","robots":{"index":"index","follow":"follow","max-snippet":"max-snippet:-1","max-image-preview":"max-image-preview:large","max-video-preview":"max-video-preview:-1"},"canonical":"https:\/\/velazo-b2b.com\/pl\/produkt\/kran-kuchenny-w-ksztalcie-litery-l-do-domowego-zlewu-do-mycia-warzyw-z-funkcja-zimnej-i-cieplej-wody-z-zabezpieczeniem-przed-rozpryskiwaniem\/","og_locale":"pl_PL","og_type":"article","og_title":"L-shaped kitchen tap for home sink vegetable washing tap with cold and hot water function anti-splash - VELAZO.","og_description":"Technical data:Head: ceramicMaterial: brassAerator: yesType: single-leverWidth: 20cmHeight: 27\/29cmMounting hole: standard, universalColor: Inox The faucet is easy to install and has all the necessary elements for assembly. Its surface is easy","og_url":"https:\/\/velazo-b2b.com\/pl\/produkt\/kran-kuchenny-w-ksztalcie-litery-l-do-domowego-zlewu-do-mycia-warzyw-z-funkcja-zimnej-i-cieplej-wody-z-zabezpieczeniem-przed-rozpryskiwaniem\/","og_site_name":"VELAZO.","article_modified_time":"2026-04-14T11:48:03+00:00","og_image":[{"width":2560,"height":2560,"url":"https:\/\/velazo-b2b.com\/wp-content\/uploads\/2025\/04\/df1eb1a813e67b802249e51349f809dc-scaled.jpg","type":"image\/jpeg"}],"twitter_card":"summary_large_image","schema":{"@context":"https:\/\/schema.org","@graph":[{"@type":"WebPage","@id":"https:\/\/velazo-b2b.com\/product\/l-shaped-kitchen-tap-for-home-sink-vegetable-washing-tap-with-cold-and-hot-water-function-anti-splash\/","url":"https:\/\/velazo-b2b.com\/product\/l-shaped-kitchen-tap-for-home-sink-vegetable-washing-tap-with-cold-and-hot-water-function-anti-splash\/","name":"Bateria kuchenna w kszta\u0142cie litery L do domowego zlewozmywaka do mycia warzyw z funkcj\u0105 zimnej i ciep\u0142ej wody - VELAZO.","isPartOf":{"@id":"https:\/\/velazo-b2b.com\/#website"},"primaryImageOfPage":{"@id":"https:\/\/velazo-b2b.com\/product\/l-shaped-kitchen-tap-for-home-sink-vegetable-washing-tap-with-cold-and-hot-water-function-anti-splash\/#primaryimage"},"image":{"@id":"https:\/\/velazo-b2b.com\/product\/l-shaped-kitchen-tap-for-home-sink-vegetable-washing-tap-with-cold-and-hot-water-function-anti-splash\/#primaryimage"},"thumbnailUrl":"https:\/\/velazo-b2b.com\/wp-content\/uploads\/2025\/04\/df1eb1a813e67b802249e51349f809dc-scaled.jpg","datePublished":"2025-04-09T14:39:05+00:00","dateModified":"2026-04-14T11:48:03+00:00","breadcrumb":{"@id":"https:\/\/velazo-b2b.com\/product\/l-shaped-kitchen-tap-for-home-sink-vegetable-washing-tap-with-cold-and-hot-water-function-anti-splash\/#breadcrumb"},"inLanguage":"pl-PL","potentialAction":[{"@type":"ReadAction","target":["https:\/\/velazo-b2b.com\/product\/l-shaped-kitchen-tap-for-home-sink-vegetable-washing-tap-with-cold-and-hot-water-function-anti-splash\/"]}]},{"@type":"ImageObject","inLanguage":"pl-PL","@id":"https:\/\/velazo-b2b.com\/product\/l-shaped-kitchen-tap-for-home-sink-vegetable-washing-tap-with-cold-and-hot-water-function-anti-splash\/#primaryimage","url":"https:\/\/velazo-b2b.com\/wp-content\/uploads\/2025\/04\/df1eb1a813e67b802249e51349f809dc-scaled.jpg","contentUrl":"https:\/\/velazo-b2b.com\/wp-content\/uploads\/2025\/04\/df1eb1a813e67b802249e51349f809dc-scaled.jpg","width":2560,"height":2560},{"@type":"BreadcrumbList","@id":"https:\/\/velazo-b2b.com\/product\/l-shaped-kitchen-tap-for-home-sink-vegetable-washing-tap-with-cold-and-hot-water-function-anti-splash\/#breadcrumb","itemListElement":[{"@type":"ListItem","position":1,"name":"Home","item":"https:\/\/velazo-b2b.com\/"},{"@type":"ListItem","position":2,"name":"Shop","item":"https:\/\/velazo-b2b.com\/shop-page\/"},{"@type":"ListItem","position":3,"name":"L-shaped kitchen tap for home sink vegetable washing tap with cold and hot water function anti-splash"}]},{"@type":"WebSite","@id":"https:\/\/velazo-b2b.com\/#website","url":"https:\/\/velazo-b2b.com\/","name":"VELAZO.","description":"","potentialAction":[{"@type":"SearchAction","target":{"@type":"EntryPoint","urlTemplate":"https:\/\/velazo-b2b.com\/?s={search_term_string}"},"query-input":{"@type":"PropertyValueSpecification","valueRequired":true,"valueName":"search_term_string"}}],"inLanguage":"pl-PL"}]}},"_links":{"self":[{"href":"https:\/\/velazo-b2b.com\/pl\/wp-json\/wp\/v2\/product\/290","targetHints":{"allow":["GET"]}}],"collection":[{"href":"https:\/\/velazo-b2b.com\/pl\/wp-json\/wp\/v2\/product"}],"about":[{"href":"https:\/\/velazo-b2b.com\/pl\/wp-json\/wp\/v2\/types\/product"}],"replies":[{"embeddable":true,"href":"https:\/\/velazo-b2b.com\/pl\/wp-json\/wp\/v2\/comments?post=290"}],"version-history":[{"count":0,"href":"https:\/\/velazo-b2b.com\/pl\/wp-json\/wp\/v2\/product\/290\/revisions"}],"wp:featuredmedia":[{"embeddable":true,"href":"https:\/\/velazo-b2b.com\/pl\/wp-json\/wp\/v2\/media\/289"}],"wp:attachment":[{"href":"https:\/\/velazo-b2b.com\/pl\/wp-json\/wp\/v2\/media?parent=290"}],"wp:term":[{"taxonomy":"product_cat","embeddable":true,"href":"https:\/\/velazo-b2b.com\/pl\/wp-json\/wp\/v2\/product_cat?post=290"},{"taxonomy":"product_tag","embeddable":true,"href":"https:\/\/velazo-b2b.com\/pl\/wp-json\/wp\/v2\/product_tag?post=290"}],"curies":[{"name":"wp","href":"https:\/\/api.w.org\/{rel}","templated":true}]}}