{"id":292,"date":"2025-04-09T14:39:11","date_gmt":"2025-04-09T14:39:11","guid":{"rendered":"https:\/\/velazo-b2b.com\/product\/high-quality-kitchen-taps-stainless-steel-kitchen-taps\/"},"modified":"2026-03-10T09:24:49","modified_gmt":"2026-03-10T08:24:49","slug":"wysokiej-jakosci-baterie-kuchenne-ze-stali-nierdzewnej","status":"publish","type":"product","link":"https:\/\/velazo-b2b.com\/pl\/produkt\/wysokiej-jakosci-baterie-kuchenne-ze-stali-nierdzewnej\/","title":{"rendered":"Wysokiej jako\u015bci baterie kuchenne ze stali nierdzewnej"},"content":{"rendered":"<p><strong>Wysokiej jako\u015bci baterie kuchenne ze stali nierdzewnej Tryb dwustrumieniowy<\/strong><br \/>\nPrzedmiotem sprzeda\u017cy jest bateria kuchenna z wyci\u0105gan\u0105 wylewk\u0105. Jest to innowacyjny produkt, kt\u00f3ry ka\u017cdy powinien mie\u0107 w domu.<\/p>\n<p>Jego design wpasuje si\u0119 w ka\u017cde wn\u0119trze, ale to nie jedyna zaleta tego produktu. Posiada on wiele zastosowa\u0144, kt\u00f3re u\u0142atwiaj\u0105 prac\u0119 w kuchni. Jego g\u0142\u00f3wn\u0105 zalet\u0105 jest wyci\u0105gana i obrotowa wylewka, kt\u00f3ra u\u0142atwia p\u0142ukanie.<\/p>\n<p>Dzi\u0119ki wysokiej jako\u015bci materia\u0142owi u\u017cytemu do produkcji kranu, jest on \u0142atwy w czyszczeniu (wystarczy przetrze\u0107 wilgotn\u0105 szmatk\u0105), produkt zawsze wygl\u0105da jak nowy.<\/p>\n<p><strong>Dane techniczne:<\/strong><br \/>\nG\u0142owica: ceramiczna<br \/>\nMateria\u0142: mosi\u0105dz<br \/>\nWylewka: wyci\u0105gana<br \/>\nAerator: tak<br \/>\nTyp: pojedyncza d\u017awignia<br \/>\nOtw\u00f3r monta\u017cowy: standardowy, uniwersalny<br \/>\nKolor: Inox<\/p>","protected":false},"excerpt":{"rendered":"<p>Baterie kuchenne wysokiej jako\u015bci baterie kuchenne ze stali nierdzewnej Tryb podw\u00f3jnego strumienia Produktem na sprzeda\u017c jest bateria kuchenna z wyci\u0105gan\u0105 wylewk\u0105. Jest to innowacyjny produkt, kt\u00f3ry ka\u017cdy<\/p>","protected":false},"featured_media":291,"comment_status":"open","ping_status":"closed","template":"","meta":[],"product_cat":[67],"product_tag":[23],"class_list":{"0":"post-292","1":"product","2":"type-product","3":"status-publish","4":"has-post-thumbnail","6":"product_cat-sink-faucets","7":"product_tag-sink-faucets","9":"first","10":"outofstock","11":"taxable","12":"shipping-taxable","13":"product-type-simple"},"yoast_head":"<!-- This site is optimized with the Yoast SEO plugin v27.4 - https:\/\/yoast.com\/product\/yoast-seo-wordpress\/ -->\n<title>High quality kitchen taps stainless steel kitchen taps - VELAZO.<\/title>\n<meta name=\"robots\" content=\"index, follow, max-snippet:-1, max-image-preview:large, max-video-preview:-1\" \/>\n<link rel=\"canonical\" href=\"https:\/\/velazo-b2b.com\/pl\/produkt\/wysokiej-jakosci-baterie-kuchenne-ze-stali-nierdzewnej\/\" \/>\n<meta property=\"og:locale\" content=\"pl_PL\" \/>\n<meta property=\"og:type\" content=\"article\" \/>\n<meta property=\"og:title\" content=\"High quality kitchen taps stainless steel kitchen taps - VELAZO.\" \/>\n<meta property=\"og:description\" content=\"Kitchen faucets high quality stainless steel kitchen taps Dual stream mode The product for sale is a kitchen faucet with a pull-out spout. This is an innovative product that everyone\" \/>\n<meta property=\"og:url\" content=\"https:\/\/velazo-b2b.com\/pl\/produkt\/wysokiej-jakosci-baterie-kuchenne-ze-stali-nierdzewnej\/\" \/>\n<meta property=\"og:site_name\" content=\"VELAZO.\" \/>\n<meta property=\"article:modified_time\" content=\"2026-03-10T08:24:49+00:00\" \/>\n<meta property=\"og:image\" content=\"http:\/\/velazo-b2b.com\/wp-content\/uploads\/2025\/04\/7067c1bfacac81aba71ae5cfe7703358-scaled.jpg\" \/>\n\t<meta property=\"og:image:width\" content=\"2560\" \/>\n\t<meta property=\"og:image:height\" content=\"2560\" \/>\n\t<meta property=\"og:image:type\" content=\"image\/jpeg\" \/>\n<meta name=\"twitter:card\" content=\"summary_large_image\" \/>\n<meta name=\"twitter:label1\" content=\"Szacowany czas czytania\" \/>\n\t<meta name=\"twitter:data1\" content=\"1 minuta\" \/>\n<script type=\"application\/ld+json\" class=\"yoast-schema-graph\">{\"@context\":\"https:\\\/\\\/schema.org\",\"@graph\":[{\"@type\":\"WebPage\",\"@id\":\"https:\\\/\\\/velazo-b2b.com\\\/product\\\/high-quality-kitchen-taps-stainless-steel-kitchen-taps\\\/\",\"url\":\"https:\\\/\\\/velazo-b2b.com\\\/product\\\/high-quality-kitchen-taps-stainless-steel-kitchen-taps\\\/\",\"name\":\"High quality kitchen taps stainless steel kitchen taps - VELAZO.\",\"isPartOf\":{\"@id\":\"https:\\\/\\\/velazo-b2b.com\\\/#website\"},\"primaryImageOfPage\":{\"@id\":\"https:\\\/\\\/velazo-b2b.com\\\/product\\\/high-quality-kitchen-taps-stainless-steel-kitchen-taps\\\/#primaryimage\"},\"image\":{\"@id\":\"https:\\\/\\\/velazo-b2b.com\\\/product\\\/high-quality-kitchen-taps-stainless-steel-kitchen-taps\\\/#primaryimage\"},\"thumbnailUrl\":\"https:\\\/\\\/velazo-b2b.com\\\/wp-content\\\/uploads\\\/2025\\\/04\\\/7067c1bfacac81aba71ae5cfe7703358-scaled.jpg\",\"datePublished\":\"2025-04-09T14:39:11+00:00\",\"dateModified\":\"2026-03-10T08:24:49+00:00\",\"breadcrumb\":{\"@id\":\"https:\\\/\\\/velazo-b2b.com\\\/product\\\/high-quality-kitchen-taps-stainless-steel-kitchen-taps\\\/#breadcrumb\"},\"inLanguage\":\"pl-PL\",\"potentialAction\":[{\"@type\":\"ReadAction\",\"target\":[\"https:\\\/\\\/velazo-b2b.com\\\/product\\\/high-quality-kitchen-taps-stainless-steel-kitchen-taps\\\/\"]}]},{\"@type\":\"ImageObject\",\"inLanguage\":\"pl-PL\",\"@id\":\"https:\\\/\\\/velazo-b2b.com\\\/product\\\/high-quality-kitchen-taps-stainless-steel-kitchen-taps\\\/#primaryimage\",\"url\":\"https:\\\/\\\/velazo-b2b.com\\\/wp-content\\\/uploads\\\/2025\\\/04\\\/7067c1bfacac81aba71ae5cfe7703358-scaled.jpg\",\"contentUrl\":\"https:\\\/\\\/velazo-b2b.com\\\/wp-content\\\/uploads\\\/2025\\\/04\\\/7067c1bfacac81aba71ae5cfe7703358-scaled.jpg\",\"width\":2560,\"height\":2560},{\"@type\":\"BreadcrumbList\",\"@id\":\"https:\\\/\\\/velazo-b2b.com\\\/product\\\/high-quality-kitchen-taps-stainless-steel-kitchen-taps\\\/#breadcrumb\",\"itemListElement\":[{\"@type\":\"ListItem\",\"position\":1,\"name\":\"Home\",\"item\":\"https:\\\/\\\/velazo-b2b.com\\\/\"},{\"@type\":\"ListItem\",\"position\":2,\"name\":\"Shop\",\"item\":\"https:\\\/\\\/velazo-b2b.com\\\/shop-page\\\/\"},{\"@type\":\"ListItem\",\"position\":3,\"name\":\"High quality kitchen taps stainless steel kitchen taps\"}]},{\"@type\":\"WebSite\",\"@id\":\"https:\\\/\\\/velazo-b2b.com\\\/#website\",\"url\":\"https:\\\/\\\/velazo-b2b.com\\\/\",\"name\":\"VELAZO.\",\"description\":\"\",\"potentialAction\":[{\"@type\":\"SearchAction\",\"target\":{\"@type\":\"EntryPoint\",\"urlTemplate\":\"https:\\\/\\\/velazo-b2b.com\\\/?s={search_term_string}\"},\"query-input\":{\"@type\":\"PropertyValueSpecification\",\"valueRequired\":true,\"valueName\":\"search_term_string\"}}],\"inLanguage\":\"pl-PL\"}]}<\/script>\n<!-- \/ Yoast SEO plugin. -->","yoast_head_json":{"title":"Wysokiej jako\u015bci baterie kuchenne ze stali nierdzewnej - VELAZO.","robots":{"index":"index","follow":"follow","max-snippet":"max-snippet:-1","max-image-preview":"max-image-preview:large","max-video-preview":"max-video-preview:-1"},"canonical":"https:\/\/velazo-b2b.com\/pl\/produkt\/wysokiej-jakosci-baterie-kuchenne-ze-stali-nierdzewnej\/","og_locale":"pl_PL","og_type":"article","og_title":"High quality kitchen taps stainless steel kitchen taps - VELAZO.","og_description":"Kitchen faucets high quality stainless steel kitchen taps Dual stream mode The product for sale is a kitchen faucet with a pull-out spout. This is an innovative product that everyone","og_url":"https:\/\/velazo-b2b.com\/pl\/produkt\/wysokiej-jakosci-baterie-kuchenne-ze-stali-nierdzewnej\/","og_site_name":"VELAZO.","article_modified_time":"2026-03-10T08:24:49+00:00","og_image":[{"width":2560,"height":2560,"url":"http:\/\/velazo-b2b.com\/wp-content\/uploads\/2025\/04\/7067c1bfacac81aba71ae5cfe7703358-scaled.jpg","type":"image\/jpeg"}],"twitter_card":"summary_large_image","twitter_misc":{"Szacowany czas czytania":"1 minuta"},"schema":{"@context":"https:\/\/schema.org","@graph":[{"@type":"WebPage","@id":"https:\/\/velazo-b2b.com\/product\/high-quality-kitchen-taps-stainless-steel-kitchen-taps\/","url":"https:\/\/velazo-b2b.com\/product\/high-quality-kitchen-taps-stainless-steel-kitchen-taps\/","name":"Wysokiej jako\u015bci baterie kuchenne ze stali nierdzewnej - VELAZO.","isPartOf":{"@id":"https:\/\/velazo-b2b.com\/#website"},"primaryImageOfPage":{"@id":"https:\/\/velazo-b2b.com\/product\/high-quality-kitchen-taps-stainless-steel-kitchen-taps\/#primaryimage"},"image":{"@id":"https:\/\/velazo-b2b.com\/product\/high-quality-kitchen-taps-stainless-steel-kitchen-taps\/#primaryimage"},"thumbnailUrl":"https:\/\/velazo-b2b.com\/wp-content\/uploads\/2025\/04\/7067c1bfacac81aba71ae5cfe7703358-scaled.jpg","datePublished":"2025-04-09T14:39:11+00:00","dateModified":"2026-03-10T08:24:49+00:00","breadcrumb":{"@id":"https:\/\/velazo-b2b.com\/product\/high-quality-kitchen-taps-stainless-steel-kitchen-taps\/#breadcrumb"},"inLanguage":"pl-PL","potentialAction":[{"@type":"ReadAction","target":["https:\/\/velazo-b2b.com\/product\/high-quality-kitchen-taps-stainless-steel-kitchen-taps\/"]}]},{"@type":"ImageObject","inLanguage":"pl-PL","@id":"https:\/\/velazo-b2b.com\/product\/high-quality-kitchen-taps-stainless-steel-kitchen-taps\/#primaryimage","url":"https:\/\/velazo-b2b.com\/wp-content\/uploads\/2025\/04\/7067c1bfacac81aba71ae5cfe7703358-scaled.jpg","contentUrl":"https:\/\/velazo-b2b.com\/wp-content\/uploads\/2025\/04\/7067c1bfacac81aba71ae5cfe7703358-scaled.jpg","width":2560,"height":2560},{"@type":"BreadcrumbList","@id":"https:\/\/velazo-b2b.com\/product\/high-quality-kitchen-taps-stainless-steel-kitchen-taps\/#breadcrumb","itemListElement":[{"@type":"ListItem","position":1,"name":"Home","item":"https:\/\/velazo-b2b.com\/"},{"@type":"ListItem","position":2,"name":"Shop","item":"https:\/\/velazo-b2b.com\/shop-page\/"},{"@type":"ListItem","position":3,"name":"High quality kitchen taps stainless steel kitchen taps"}]},{"@type":"WebSite","@id":"https:\/\/velazo-b2b.com\/#website","url":"https:\/\/velazo-b2b.com\/","name":"VELAZO.","description":"","potentialAction":[{"@type":"SearchAction","target":{"@type":"EntryPoint","urlTemplate":"https:\/\/velazo-b2b.com\/?s={search_term_string}"},"query-input":{"@type":"PropertyValueSpecification","valueRequired":true,"valueName":"search_term_string"}}],"inLanguage":"pl-PL"}]}},"_links":{"self":[{"href":"https:\/\/velazo-b2b.com\/pl\/wp-json\/wp\/v2\/product\/292","targetHints":{"allow":["GET"]}}],"collection":[{"href":"https:\/\/velazo-b2b.com\/pl\/wp-json\/wp\/v2\/product"}],"about":[{"href":"https:\/\/velazo-b2b.com\/pl\/wp-json\/wp\/v2\/types\/product"}],"replies":[{"embeddable":true,"href":"https:\/\/velazo-b2b.com\/pl\/wp-json\/wp\/v2\/comments?post=292"}],"version-history":[{"count":0,"href":"https:\/\/velazo-b2b.com\/pl\/wp-json\/wp\/v2\/product\/292\/revisions"}],"wp:featuredmedia":[{"embeddable":true,"href":"https:\/\/velazo-b2b.com\/pl\/wp-json\/wp\/v2\/media\/291"}],"wp:attachment":[{"href":"https:\/\/velazo-b2b.com\/pl\/wp-json\/wp\/v2\/media?parent=292"}],"wp:term":[{"taxonomy":"product_cat","embeddable":true,"href":"https:\/\/velazo-b2b.com\/pl\/wp-json\/wp\/v2\/product_cat?post=292"},{"taxonomy":"product_tag","embeddable":true,"href":"https:\/\/velazo-b2b.com\/pl\/wp-json\/wp\/v2\/product_tag?post=292"}],"curies":[{"name":"wp","href":"https:\/\/api.w.org\/{rel}","templated":true}]}}