{"id":294,"date":"2025-04-09T14:39:18","date_gmt":"2025-04-09T14:39:18","guid":{"rendered":"https:\/\/velazo-b2b.com\/product\/stainless-steel-sink-tap-hot-and-cold-water-tap-kitchen-tap\/"},"modified":"2025-10-08T11:54:08","modified_gmt":"2025-10-08T09:54:08","slug":"bateria-zlewozmywakowa-ze-stali-nierdzewnej-bateria-kuchenna-do-cieplej-i-zimnej-wody","status":"publish","type":"product","link":"https:\/\/velazo-b2b.com\/pl\/produkt\/bateria-zlewozmywakowa-ze-stali-nierdzewnej-bateria-kuchenna-do-cieplej-i-zimnej-wody\/","title":{"rendered":"Bateria zlewozmywakowa ze stali nierdzewnej, bateria ciep\u0142ej i zimnej wody, bateria kuchenna"},"content":{"rendered":"<p><strong>Bateria kuchenna + zimna\/ciep\u0142a woda<\/strong><br \/>Kompletne akcesoria. \u0141atwa instalacja.<br \/>\u0141atwa instalacja: Cz\u0119\u015b\u0107 baterii zosta\u0142a ju\u017c zainstalowana, \u0142\u0105cznie z pe\u0142nym wyposa\u017ceniem i instrukcj\u0105 monta\u017cu. Nawet dla laik\u00f3w instalacja jest bardzo szybka i \u0142atwa.<\/p>\n<p>Wyrafinowana mosi\u0119\u017cna konstrukcja<br \/>Bateria kuchenna wykonana z mosi\u0105dzu, okucia ze stali nierdzewnej. Solidna i trwa\u0142a, d\u0142uga \u017cywotno\u015b\u0107.<\/p>\n<p><strong>Aerator bez rozpryskiwania<\/strong><br \/>Aerator jest uniwersalny, wymienny z tym samym modelem, zdejmowany i zmywalny.<\/p>\n<p>Zapewnia \u0142agodniejszy przep\u0142yw wody do p\u0142ukania warzyw i owoc\u00f3w, zmniejszaj\u0105c w ten spos\u00f3b straty wody.<\/p>","protected":false},"excerpt":{"rendered":"<p>Bateria kuchenna + zimna\/ciep\u0142a wodaKompletne akcesoria. \u0141atwa instalacja: Cz\u0119\u015b\u0107 baterii zosta\u0142a ju\u017c zainstalowana, \u0142\u0105cznie z pe\u0142nym wyposa\u017ceniem i instrukcj\u0105 monta\u017cu. Instalacja jest \u0142atwa nawet dla laik\u00f3w.<\/p>","protected":false},"featured_media":293,"comment_status":"open","ping_status":"closed","template":"","meta":[],"product_cat":[67],"product_tag":[23],"class_list":{"0":"post-294","1":"product","2":"type-product","3":"status-publish","4":"has-post-thumbnail","6":"product_cat-sink-faucets","7":"product_tag-sink-faucets","9":"first","10":"outofstock","11":"taxable","12":"shipping-taxable","13":"product-type-simple"},"yoast_head":"<!-- This site is optimized with the Yoast SEO plugin v27.4 - https:\/\/yoast.com\/product\/yoast-seo-wordpress\/ -->\n<title>Stainless steel sink tap, hot and cold water tap, kitchen tap - VELAZO.<\/title>\n<meta name=\"robots\" content=\"index, follow, max-snippet:-1, max-image-preview:large, max-video-preview:-1\" \/>\n<link rel=\"canonical\" href=\"https:\/\/velazo-b2b.com\/pl\/produkt\/bateria-zlewozmywakowa-ze-stali-nierdzewnej-bateria-kuchenna-do-cieplej-i-zimnej-wody\/\" \/>\n<meta property=\"og:locale\" content=\"pl_PL\" \/>\n<meta property=\"og:type\" content=\"article\" \/>\n<meta property=\"og:title\" content=\"Stainless steel sink tap, hot and cold water tap, kitchen tap - VELAZO.\" \/>\n<meta property=\"og:description\" content=\"Kitchen faucet + cold\/hot waterComplete accessories. Easy installation.Easy installation: Part of the faucet has already been installed, including full equipment and assembly instructions. Even for laymen, the installation is very\" \/>\n<meta property=\"og:url\" content=\"https:\/\/velazo-b2b.com\/pl\/produkt\/bateria-zlewozmywakowa-ze-stali-nierdzewnej-bateria-kuchenna-do-cieplej-i-zimnej-wody\/\" \/>\n<meta property=\"og:site_name\" content=\"VELAZO.\" \/>\n<meta property=\"article:modified_time\" content=\"2025-10-08T09:54:08+00:00\" \/>\n<meta property=\"og:image\" content=\"https:\/\/velazo-b2b.com\/wp-content\/uploads\/2025\/04\/274d73a8ae07994a595567ef683df829-scaled.jpg\" \/>\n\t<meta property=\"og:image:width\" content=\"2560\" \/>\n\t<meta property=\"og:image:height\" content=\"2560\" \/>\n\t<meta property=\"og:image:type\" content=\"image\/jpeg\" \/>\n<meta name=\"twitter:card\" content=\"summary_large_image\" \/>\n<script type=\"application\/ld+json\" class=\"yoast-schema-graph\">{\"@context\":\"https:\\\/\\\/schema.org\",\"@graph\":[{\"@type\":\"WebPage\",\"@id\":\"https:\\\/\\\/velazo-b2b.com\\\/product\\\/stainless-steel-sink-tap-hot-and-cold-water-tap-kitchen-tap\\\/\",\"url\":\"https:\\\/\\\/velazo-b2b.com\\\/product\\\/stainless-steel-sink-tap-hot-and-cold-water-tap-kitchen-tap\\\/\",\"name\":\"Stainless steel sink tap, hot and cold water tap, kitchen tap - VELAZO.\",\"isPartOf\":{\"@id\":\"https:\\\/\\\/velazo-b2b.com\\\/#website\"},\"primaryImageOfPage\":{\"@id\":\"https:\\\/\\\/velazo-b2b.com\\\/product\\\/stainless-steel-sink-tap-hot-and-cold-water-tap-kitchen-tap\\\/#primaryimage\"},\"image\":{\"@id\":\"https:\\\/\\\/velazo-b2b.com\\\/product\\\/stainless-steel-sink-tap-hot-and-cold-water-tap-kitchen-tap\\\/#primaryimage\"},\"thumbnailUrl\":\"https:\\\/\\\/velazo-b2b.com\\\/wp-content\\\/uploads\\\/2025\\\/04\\\/274d73a8ae07994a595567ef683df829-scaled.jpg\",\"datePublished\":\"2025-04-09T14:39:18+00:00\",\"dateModified\":\"2025-10-08T09:54:08+00:00\",\"breadcrumb\":{\"@id\":\"https:\\\/\\\/velazo-b2b.com\\\/product\\\/stainless-steel-sink-tap-hot-and-cold-water-tap-kitchen-tap\\\/#breadcrumb\"},\"inLanguage\":\"pl-PL\",\"potentialAction\":[{\"@type\":\"ReadAction\",\"target\":[\"https:\\\/\\\/velazo-b2b.com\\\/product\\\/stainless-steel-sink-tap-hot-and-cold-water-tap-kitchen-tap\\\/\"]}]},{\"@type\":\"ImageObject\",\"inLanguage\":\"pl-PL\",\"@id\":\"https:\\\/\\\/velazo-b2b.com\\\/product\\\/stainless-steel-sink-tap-hot-and-cold-water-tap-kitchen-tap\\\/#primaryimage\",\"url\":\"https:\\\/\\\/velazo-b2b.com\\\/wp-content\\\/uploads\\\/2025\\\/04\\\/274d73a8ae07994a595567ef683df829-scaled.jpg\",\"contentUrl\":\"https:\\\/\\\/velazo-b2b.com\\\/wp-content\\\/uploads\\\/2025\\\/04\\\/274d73a8ae07994a595567ef683df829-scaled.jpg\",\"width\":2560,\"height\":2560},{\"@type\":\"BreadcrumbList\",\"@id\":\"https:\\\/\\\/velazo-b2b.com\\\/product\\\/stainless-steel-sink-tap-hot-and-cold-water-tap-kitchen-tap\\\/#breadcrumb\",\"itemListElement\":[{\"@type\":\"ListItem\",\"position\":1,\"name\":\"Home\",\"item\":\"https:\\\/\\\/velazo-b2b.com\\\/\"},{\"@type\":\"ListItem\",\"position\":2,\"name\":\"Shop\",\"item\":\"https:\\\/\\\/velazo-b2b.com\\\/shop-page\\\/\"},{\"@type\":\"ListItem\",\"position\":3,\"name\":\"Stainless steel sink tap, hot and cold water tap, kitchen tap\"}]},{\"@type\":\"WebSite\",\"@id\":\"https:\\\/\\\/velazo-b2b.com\\\/#website\",\"url\":\"https:\\\/\\\/velazo-b2b.com\\\/\",\"name\":\"VELAZO.\",\"description\":\"\",\"potentialAction\":[{\"@type\":\"SearchAction\",\"target\":{\"@type\":\"EntryPoint\",\"urlTemplate\":\"https:\\\/\\\/velazo-b2b.com\\\/?s={search_term_string}\"},\"query-input\":{\"@type\":\"PropertyValueSpecification\",\"valueRequired\":true,\"valueName\":\"search_term_string\"}}],\"inLanguage\":\"pl-PL\"}]}<\/script>\n<!-- \/ Yoast SEO plugin. -->","yoast_head_json":{"title":"Bateria zlewozmywakowa ze stali nierdzewnej, bateria do ciep\u0142ej i zimnej wody, bateria kuchenna - VELAZO.","robots":{"index":"index","follow":"follow","max-snippet":"max-snippet:-1","max-image-preview":"max-image-preview:large","max-video-preview":"max-video-preview:-1"},"canonical":"https:\/\/velazo-b2b.com\/pl\/produkt\/bateria-zlewozmywakowa-ze-stali-nierdzewnej-bateria-kuchenna-do-cieplej-i-zimnej-wody\/","og_locale":"pl_PL","og_type":"article","og_title":"Stainless steel sink tap, hot and cold water tap, kitchen tap - VELAZO.","og_description":"Kitchen faucet + cold\/hot waterComplete accessories. Easy installation.Easy installation: Part of the faucet has already been installed, including full equipment and assembly instructions. Even for laymen, the installation is very","og_url":"https:\/\/velazo-b2b.com\/pl\/produkt\/bateria-zlewozmywakowa-ze-stali-nierdzewnej-bateria-kuchenna-do-cieplej-i-zimnej-wody\/","og_site_name":"VELAZO.","article_modified_time":"2025-10-08T09:54:08+00:00","og_image":[{"width":2560,"height":2560,"url":"https:\/\/velazo-b2b.com\/wp-content\/uploads\/2025\/04\/274d73a8ae07994a595567ef683df829-scaled.jpg","type":"image\/jpeg"}],"twitter_card":"summary_large_image","schema":{"@context":"https:\/\/schema.org","@graph":[{"@type":"WebPage","@id":"https:\/\/velazo-b2b.com\/product\/stainless-steel-sink-tap-hot-and-cold-water-tap-kitchen-tap\/","url":"https:\/\/velazo-b2b.com\/product\/stainless-steel-sink-tap-hot-and-cold-water-tap-kitchen-tap\/","name":"Bateria zlewozmywakowa ze stali nierdzewnej, bateria do ciep\u0142ej i zimnej wody, bateria kuchenna - VELAZO.","isPartOf":{"@id":"https:\/\/velazo-b2b.com\/#website"},"primaryImageOfPage":{"@id":"https:\/\/velazo-b2b.com\/product\/stainless-steel-sink-tap-hot-and-cold-water-tap-kitchen-tap\/#primaryimage"},"image":{"@id":"https:\/\/velazo-b2b.com\/product\/stainless-steel-sink-tap-hot-and-cold-water-tap-kitchen-tap\/#primaryimage"},"thumbnailUrl":"https:\/\/velazo-b2b.com\/wp-content\/uploads\/2025\/04\/274d73a8ae07994a595567ef683df829-scaled.jpg","datePublished":"2025-04-09T14:39:18+00:00","dateModified":"2025-10-08T09:54:08+00:00","breadcrumb":{"@id":"https:\/\/velazo-b2b.com\/product\/stainless-steel-sink-tap-hot-and-cold-water-tap-kitchen-tap\/#breadcrumb"},"inLanguage":"pl-PL","potentialAction":[{"@type":"ReadAction","target":["https:\/\/velazo-b2b.com\/product\/stainless-steel-sink-tap-hot-and-cold-water-tap-kitchen-tap\/"]}]},{"@type":"ImageObject","inLanguage":"pl-PL","@id":"https:\/\/velazo-b2b.com\/product\/stainless-steel-sink-tap-hot-and-cold-water-tap-kitchen-tap\/#primaryimage","url":"https:\/\/velazo-b2b.com\/wp-content\/uploads\/2025\/04\/274d73a8ae07994a595567ef683df829-scaled.jpg","contentUrl":"https:\/\/velazo-b2b.com\/wp-content\/uploads\/2025\/04\/274d73a8ae07994a595567ef683df829-scaled.jpg","width":2560,"height":2560},{"@type":"BreadcrumbList","@id":"https:\/\/velazo-b2b.com\/product\/stainless-steel-sink-tap-hot-and-cold-water-tap-kitchen-tap\/#breadcrumb","itemListElement":[{"@type":"ListItem","position":1,"name":"Home","item":"https:\/\/velazo-b2b.com\/"},{"@type":"ListItem","position":2,"name":"Shop","item":"https:\/\/velazo-b2b.com\/shop-page\/"},{"@type":"ListItem","position":3,"name":"Stainless steel sink tap, hot and cold water tap, kitchen tap"}]},{"@type":"WebSite","@id":"https:\/\/velazo-b2b.com\/#website","url":"https:\/\/velazo-b2b.com\/","name":"VELAZO.","description":"","potentialAction":[{"@type":"SearchAction","target":{"@type":"EntryPoint","urlTemplate":"https:\/\/velazo-b2b.com\/?s={search_term_string}"},"query-input":{"@type":"PropertyValueSpecification","valueRequired":true,"valueName":"search_term_string"}}],"inLanguage":"pl-PL"}]}},"_links":{"self":[{"href":"https:\/\/velazo-b2b.com\/pl\/wp-json\/wp\/v2\/product\/294","targetHints":{"allow":["GET"]}}],"collection":[{"href":"https:\/\/velazo-b2b.com\/pl\/wp-json\/wp\/v2\/product"}],"about":[{"href":"https:\/\/velazo-b2b.com\/pl\/wp-json\/wp\/v2\/types\/product"}],"replies":[{"embeddable":true,"href":"https:\/\/velazo-b2b.com\/pl\/wp-json\/wp\/v2\/comments?post=294"}],"version-history":[{"count":0,"href":"https:\/\/velazo-b2b.com\/pl\/wp-json\/wp\/v2\/product\/294\/revisions"}],"wp:featuredmedia":[{"embeddable":true,"href":"https:\/\/velazo-b2b.com\/pl\/wp-json\/wp\/v2\/media\/293"}],"wp:attachment":[{"href":"https:\/\/velazo-b2b.com\/pl\/wp-json\/wp\/v2\/media?parent=294"}],"wp:term":[{"taxonomy":"product_cat","embeddable":true,"href":"https:\/\/velazo-b2b.com\/pl\/wp-json\/wp\/v2\/product_cat?post=294"},{"taxonomy":"product_tag","embeddable":true,"href":"https:\/\/velazo-b2b.com\/pl\/wp-json\/wp\/v2\/product_tag?post=294"}],"curies":[{"name":"wp","href":"https:\/\/api.w.org\/{rel}","templated":true}]}}