{"id":298,"date":"2025-04-09T14:39:23","date_gmt":"2025-04-09T14:39:23","guid":{"rendered":"https:\/\/velazo-b2b.com\/product\/kitchen-sink-steel-78-x-49-pvd-graphite-with-drainer-on-the-right\/"},"modified":"2025-10-08T11:54:02","modified_gmt":"2025-10-08T09:54:02","slug":"zlewozmywak-stalowy-78-x-49-pvd-grafitowy-z-ociekaczem-po-prawej-stronie","status":"publish","type":"product","link":"https:\/\/velazo-b2b.com\/pl\/produkt\/zlewozmywak-stalowy-78-x-49-pvd-grafitowy-z-ociekaczem-po-prawej-stronie\/","title":{"rendered":"Zlewozmywak stalowy 78 x 49 PVD grafitowy z ociekaczem po prawej stronie"},"content":{"rendered":"<p>Dane techniczne:<\/p>\n<ul>\n<li>Metoda monta\u017cu: Wbudowany<\/li>\n<li>Materia\u0142: Stal nierdzewna<\/li>\n<li>Kolor: grafitowy PVD<\/li>\n<li>Wymiary zlewu: 780 mm x 490 mm x 210 mm<\/li>\n<li>Otw\u00f3r na kran: Tak, 35 mm<\/li>\n<li>Otw\u00f3r na dozownik myd\u0142a: Tak, 28 mm<\/li>\n<li>Otw\u00f3r przelewowy w misce: Tak<\/li>\n<li>Ociekacz po prawej, miska po lewej<\/li>\n<\/ul>","protected":false},"excerpt":{"rendered":"<p>Dane techniczne: Metoda monta\u017cu: Wbudowany Materia\u0142: Stal szlachetna Kolor: Grafit PVD Wymiary zlewozmywaka: 780 mm x 490 mm x 210 mm Otw\u00f3r na bateri\u0119: Tak, 35 mm Otw\u00f3r na dozownik myd\u0142a:<\/p>","protected":false},"featured_media":297,"comment_status":"open","ping_status":"closed","template":"","meta":[],"product_cat":[77,57,76,56,80],"product_tag":[6,5,8,9,22,21],"class_list":{"0":"post-298","1":"product","2":"type-product","3":"status-publish","4":"has-post-thumbnail","6":"product_cat-graphite-sinks","7":"product_cat-handmade-sinks","8":"product_cat-single-bowl-graphite-sinks","9":"product_cat-single-bowl-kitchen-sinks","10":"product_cat-single-bowl-with-drainer-sinks","11":"product_tag-black-sinks","12":"product_tag-handmade-sink","13":"product_tag-single-bowl","14":"product_tag-single-bowl-black-sinks","15":"product_tag-single-bowl-black-sinks-with-drainer","16":"product_tag-single-bowl-with-drainer","18":"first","19":"outofstock","20":"taxable","21":"shipping-taxable","22":"product-type-simple"},"yoast_head":"<!-- This site is optimized with the Yoast SEO plugin v27.4 - https:\/\/yoast.com\/product\/yoast-seo-wordpress\/ -->\n<title>Kitchen Sink Steel 78 x 49 PVD Graphite with Drainer on the Right - VELAZO.<\/title>\n<meta name=\"robots\" content=\"index, follow, max-snippet:-1, max-image-preview:large, max-video-preview:-1\" \/>\n<link rel=\"canonical\" href=\"https:\/\/velazo-b2b.com\/pl\/produkt\/zlewozmywak-stalowy-78-x-49-pvd-grafitowy-z-ociekaczem-po-prawej-stronie\/\" \/>\n<meta property=\"og:locale\" content=\"pl_PL\" \/>\n<meta property=\"og:type\" content=\"article\" \/>\n<meta property=\"og:title\" content=\"Kitchen Sink Steel 78 x 49 PVD Graphite with Drainer on the Right - VELAZO.\" \/>\n<meta property=\"og:description\" content=\"Technical Data: Mounting Method: Built-in Material: Stainless Steel Color: Graphite PVD Sink Dimensions: 780 mm x 490 mm x 210 mm Hole for tap: Yes, 35mm Hole for soap dispenser:\" \/>\n<meta property=\"og:url\" content=\"https:\/\/velazo-b2b.com\/pl\/produkt\/zlewozmywak-stalowy-78-x-49-pvd-grafitowy-z-ociekaczem-po-prawej-stronie\/\" \/>\n<meta property=\"og:site_name\" content=\"VELAZO.\" \/>\n<meta property=\"article:modified_time\" content=\"2025-10-08T09:54:02+00:00\" \/>\n<meta property=\"og:image\" content=\"https:\/\/velazo-b2b.com\/wp-content\/uploads\/2025\/04\/hd7849lb-1.png\" \/>\n\t<meta property=\"og:image:width\" content=\"1500\" \/>\n\t<meta property=\"og:image:height\" content=\"1500\" \/>\n\t<meta property=\"og:image:type\" content=\"image\/png\" \/>\n<meta name=\"twitter:card\" content=\"summary_large_image\" \/>\n<script type=\"application\/ld+json\" class=\"yoast-schema-graph\">{\"@context\":\"https:\\\/\\\/schema.org\",\"@graph\":[{\"@type\":\"WebPage\",\"@id\":\"https:\\\/\\\/velazo-b2b.com\\\/product\\\/kitchen-sink-steel-78-x-49-pvd-graphite-with-drainer-on-the-right\\\/\",\"url\":\"https:\\\/\\\/velazo-b2b.com\\\/product\\\/kitchen-sink-steel-78-x-49-pvd-graphite-with-drainer-on-the-right\\\/\",\"name\":\"Kitchen Sink Steel 78 x 49 PVD Graphite with Drainer on the Right - VELAZO.\",\"isPartOf\":{\"@id\":\"https:\\\/\\\/velazo-b2b.com\\\/#website\"},\"primaryImageOfPage\":{\"@id\":\"https:\\\/\\\/velazo-b2b.com\\\/product\\\/kitchen-sink-steel-78-x-49-pvd-graphite-with-drainer-on-the-right\\\/#primaryimage\"},\"image\":{\"@id\":\"https:\\\/\\\/velazo-b2b.com\\\/product\\\/kitchen-sink-steel-78-x-49-pvd-graphite-with-drainer-on-the-right\\\/#primaryimage\"},\"thumbnailUrl\":\"https:\\\/\\\/velazo-b2b.com\\\/wp-content\\\/uploads\\\/2025\\\/04\\\/hd7849lb-1.png\",\"datePublished\":\"2025-04-09T14:39:23+00:00\",\"dateModified\":\"2025-10-08T09:54:02+00:00\",\"breadcrumb\":{\"@id\":\"https:\\\/\\\/velazo-b2b.com\\\/product\\\/kitchen-sink-steel-78-x-49-pvd-graphite-with-drainer-on-the-right\\\/#breadcrumb\"},\"inLanguage\":\"pl-PL\",\"potentialAction\":[{\"@type\":\"ReadAction\",\"target\":[\"https:\\\/\\\/velazo-b2b.com\\\/product\\\/kitchen-sink-steel-78-x-49-pvd-graphite-with-drainer-on-the-right\\\/\"]}]},{\"@type\":\"ImageObject\",\"inLanguage\":\"pl-PL\",\"@id\":\"https:\\\/\\\/velazo-b2b.com\\\/product\\\/kitchen-sink-steel-78-x-49-pvd-graphite-with-drainer-on-the-right\\\/#primaryimage\",\"url\":\"https:\\\/\\\/velazo-b2b.com\\\/wp-content\\\/uploads\\\/2025\\\/04\\\/hd7849lb-1.png\",\"contentUrl\":\"https:\\\/\\\/velazo-b2b.com\\\/wp-content\\\/uploads\\\/2025\\\/04\\\/hd7849lb-1.png\",\"width\":1500,\"height\":1500},{\"@type\":\"BreadcrumbList\",\"@id\":\"https:\\\/\\\/velazo-b2b.com\\\/product\\\/kitchen-sink-steel-78-x-49-pvd-graphite-with-drainer-on-the-right\\\/#breadcrumb\",\"itemListElement\":[{\"@type\":\"ListItem\",\"position\":1,\"name\":\"Home\",\"item\":\"https:\\\/\\\/velazo-b2b.com\\\/\"},{\"@type\":\"ListItem\",\"position\":2,\"name\":\"Shop\",\"item\":\"https:\\\/\\\/velazo-b2b.com\\\/shop-page\\\/\"},{\"@type\":\"ListItem\",\"position\":3,\"name\":\"Kitchen Sink Steel 78 x 49 PVD Graphite with Drainer on the Right\"}]},{\"@type\":\"WebSite\",\"@id\":\"https:\\\/\\\/velazo-b2b.com\\\/#website\",\"url\":\"https:\\\/\\\/velazo-b2b.com\\\/\",\"name\":\"VELAZO.\",\"description\":\"\",\"potentialAction\":[{\"@type\":\"SearchAction\",\"target\":{\"@type\":\"EntryPoint\",\"urlTemplate\":\"https:\\\/\\\/velazo-b2b.com\\\/?s={search_term_string}\"},\"query-input\":{\"@type\":\"PropertyValueSpecification\",\"valueRequired\":true,\"valueName\":\"search_term_string\"}}],\"inLanguage\":\"pl-PL\"}]}<\/script>\n<!-- \/ Yoast SEO plugin. -->","yoast_head_json":{"title":"Zlewozmywak kuchenny stalowy 78 x 49 PVD grafit z ociekaczem po prawej stronie - VELAZO.","robots":{"index":"index","follow":"follow","max-snippet":"max-snippet:-1","max-image-preview":"max-image-preview:large","max-video-preview":"max-video-preview:-1"},"canonical":"https:\/\/velazo-b2b.com\/pl\/produkt\/zlewozmywak-stalowy-78-x-49-pvd-grafitowy-z-ociekaczem-po-prawej-stronie\/","og_locale":"pl_PL","og_type":"article","og_title":"Kitchen Sink Steel 78 x 49 PVD Graphite with Drainer on the Right - VELAZO.","og_description":"Technical Data: Mounting Method: Built-in Material: Stainless Steel Color: Graphite PVD Sink Dimensions: 780 mm x 490 mm x 210 mm Hole for tap: Yes, 35mm Hole for soap dispenser:","og_url":"https:\/\/velazo-b2b.com\/pl\/produkt\/zlewozmywak-stalowy-78-x-49-pvd-grafitowy-z-ociekaczem-po-prawej-stronie\/","og_site_name":"VELAZO.","article_modified_time":"2025-10-08T09:54:02+00:00","og_image":[{"width":1500,"height":1500,"url":"https:\/\/velazo-b2b.com\/wp-content\/uploads\/2025\/04\/hd7849lb-1.png","type":"image\/png"}],"twitter_card":"summary_large_image","schema":{"@context":"https:\/\/schema.org","@graph":[{"@type":"WebPage","@id":"https:\/\/velazo-b2b.com\/product\/kitchen-sink-steel-78-x-49-pvd-graphite-with-drainer-on-the-right\/","url":"https:\/\/velazo-b2b.com\/product\/kitchen-sink-steel-78-x-49-pvd-graphite-with-drainer-on-the-right\/","name":"Zlewozmywak kuchenny stalowy 78 x 49 PVD grafit z ociekaczem po prawej stronie - VELAZO.","isPartOf":{"@id":"https:\/\/velazo-b2b.com\/#website"},"primaryImageOfPage":{"@id":"https:\/\/velazo-b2b.com\/product\/kitchen-sink-steel-78-x-49-pvd-graphite-with-drainer-on-the-right\/#primaryimage"},"image":{"@id":"https:\/\/velazo-b2b.com\/product\/kitchen-sink-steel-78-x-49-pvd-graphite-with-drainer-on-the-right\/#primaryimage"},"thumbnailUrl":"https:\/\/velazo-b2b.com\/wp-content\/uploads\/2025\/04\/hd7849lb-1.png","datePublished":"2025-04-09T14:39:23+00:00","dateModified":"2025-10-08T09:54:02+00:00","breadcrumb":{"@id":"https:\/\/velazo-b2b.com\/product\/kitchen-sink-steel-78-x-49-pvd-graphite-with-drainer-on-the-right\/#breadcrumb"},"inLanguage":"pl-PL","potentialAction":[{"@type":"ReadAction","target":["https:\/\/velazo-b2b.com\/product\/kitchen-sink-steel-78-x-49-pvd-graphite-with-drainer-on-the-right\/"]}]},{"@type":"ImageObject","inLanguage":"pl-PL","@id":"https:\/\/velazo-b2b.com\/product\/kitchen-sink-steel-78-x-49-pvd-graphite-with-drainer-on-the-right\/#primaryimage","url":"https:\/\/velazo-b2b.com\/wp-content\/uploads\/2025\/04\/hd7849lb-1.png","contentUrl":"https:\/\/velazo-b2b.com\/wp-content\/uploads\/2025\/04\/hd7849lb-1.png","width":1500,"height":1500},{"@type":"BreadcrumbList","@id":"https:\/\/velazo-b2b.com\/product\/kitchen-sink-steel-78-x-49-pvd-graphite-with-drainer-on-the-right\/#breadcrumb","itemListElement":[{"@type":"ListItem","position":1,"name":"Home","item":"https:\/\/velazo-b2b.com\/"},{"@type":"ListItem","position":2,"name":"Shop","item":"https:\/\/velazo-b2b.com\/shop-page\/"},{"@type":"ListItem","position":3,"name":"Kitchen Sink Steel 78 x 49 PVD Graphite with Drainer on the Right"}]},{"@type":"WebSite","@id":"https:\/\/velazo-b2b.com\/#website","url":"https:\/\/velazo-b2b.com\/","name":"VELAZO.","description":"","potentialAction":[{"@type":"SearchAction","target":{"@type":"EntryPoint","urlTemplate":"https:\/\/velazo-b2b.com\/?s={search_term_string}"},"query-input":{"@type":"PropertyValueSpecification","valueRequired":true,"valueName":"search_term_string"}}],"inLanguage":"pl-PL"}]}},"_links":{"self":[{"href":"https:\/\/velazo-b2b.com\/pl\/wp-json\/wp\/v2\/product\/298","targetHints":{"allow":["GET"]}}],"collection":[{"href":"https:\/\/velazo-b2b.com\/pl\/wp-json\/wp\/v2\/product"}],"about":[{"href":"https:\/\/velazo-b2b.com\/pl\/wp-json\/wp\/v2\/types\/product"}],"replies":[{"embeddable":true,"href":"https:\/\/velazo-b2b.com\/pl\/wp-json\/wp\/v2\/comments?post=298"}],"version-history":[{"count":0,"href":"https:\/\/velazo-b2b.com\/pl\/wp-json\/wp\/v2\/product\/298\/revisions"}],"wp:featuredmedia":[{"embeddable":true,"href":"https:\/\/velazo-b2b.com\/pl\/wp-json\/wp\/v2\/media\/297"}],"wp:attachment":[{"href":"https:\/\/velazo-b2b.com\/pl\/wp-json\/wp\/v2\/media?parent=298"}],"wp:term":[{"taxonomy":"product_cat","embeddable":true,"href":"https:\/\/velazo-b2b.com\/pl\/wp-json\/wp\/v2\/product_cat?post=298"},{"taxonomy":"product_tag","embeddable":true,"href":"https:\/\/velazo-b2b.com\/pl\/wp-json\/wp\/v2\/product_tag?post=298"}],"curies":[{"name":"wp","href":"https:\/\/api.w.org\/{rel}","templated":true}]}}