{"id":304,"date":"2025-04-09T14:39:33","date_gmt":"2025-04-09T14:39:33","guid":{"rendered":"https:\/\/velazo-b2b.com\/product\/two-bowl-overlay-sink-80-x-60-micro-decor-with-siphon\/"},"modified":"2026-04-14T13:47:52","modified_gmt":"2026-04-14T11:47:52","slug":"zlewozmywak-dwukomorowy-nakladany-80-x-60-micro-decor-z-syfonem","status":"publish","type":"product","link":"https:\/\/velazo-b2b.com\/pl\/produkt\/zlewozmywak-dwukomorowy-nakladany-80-x-60-micro-decor-z-syfonem\/","title":{"rendered":"Zlewozmywak dwukomorowy nak\u0142adany 80 \u00d7 60 mikrodekor z syfonem"},"content":{"rendered":"<p><b>Dane techniczne:<\/b><\/p>\n<ul>\n<li>Typ : Dwukomorowy<\/li>\n<li>Metoda instalacji: Nak\u0142adka<\/li>\n<li>Wyko\u0144czenie : Dekor - przypominaj\u0105cy len, odporny na zarysowania i \u0142atwy do utrzymania w czysto\u015bci<\/li>\n<li>Materia\u0142: stal nierdzewna<\/li>\n<li>Wymiary :D\u0142ugo\u015b\u0107: 80 cm<\/li>\n<li>Szeroko\u015b\u0107: 60 cm<\/li>\n<li>G\u0142\u0119boko\u015b\u0107: 16 cm<\/li>\n<li>Grubo\u015b\u0107 metalu: 0,6 mm<\/li>\n<li>Otw\u00f3r na kran: 35 mm<\/li>\n<\/ul>","protected":false},"excerpt":{"rendered":"<p>Technical specifications: Type&nbsp;: Two-chamber Installation method&nbsp;: Overlay Finish&nbsp;: Decor \u2013 linen-like, scratch-resistant and easy to keep clean Material&nbsp;: Stainless steel Dimensions&nbsp;:Length: 80 cm Width: 60 cm Depth: 16 cm Metal<\/p>","protected":false},"featured_media":303,"comment_status":"open","ping_status":"closed","template":"","meta":[],"product_cat":[59,60],"product_tag":[42,40],"class_list":{"0":"post-304","1":"product","2":"type-product","3":"status-publish","4":"has-post-thumbnail","6":"product_cat-stamped-microdecor-sink","7":"product_cat-stamped-sink","8":"product_tag-microdecor","9":"product_tag-stamped-sink","11":"first","12":"instock","13":"taxable","14":"shipping-taxable","15":"product-type-simple"},"yoast_head":"<!-- This site is optimized with the Yoast SEO plugin v27.4 - https:\/\/yoast.com\/product\/yoast-seo-wordpress\/ -->\n<title>Two-bowl Overlay Sink 80 \u00d7 60 micro-decor with siphon - VELAZO.<\/title>\n<meta name=\"robots\" content=\"index, follow, max-snippet:-1, max-image-preview:large, max-video-preview:-1\" \/>\n<link rel=\"canonical\" href=\"https:\/\/velazo-b2b.com\/pl\/produkt\/zlewozmywak-dwukomorowy-nakladany-80-x-60-micro-decor-z-syfonem\/\" \/>\n<meta property=\"og:locale\" content=\"pl_PL\" \/>\n<meta property=\"og:type\" content=\"article\" \/>\n<meta property=\"og:title\" content=\"Two-bowl Overlay Sink 80 \u00d7 60 micro-decor with siphon - VELAZO.\" \/>\n<meta property=\"og:description\" content=\"Technical specifications: Type&nbsp;: Two-chamber Installation method&nbsp;: Overlay Finish&nbsp;: Decor \u2013 linen-like, scratch-resistant and easy to keep clean Material&nbsp;: Stainless steel Dimensions&nbsp;:Length: 80 cm Width: 60 cm Depth: 16 cm Metal\" \/>\n<meta property=\"og:url\" content=\"https:\/\/velazo-b2b.com\/pl\/produkt\/zlewozmywak-dwukomorowy-nakladany-80-x-60-micro-decor-z-syfonem\/\" \/>\n<meta property=\"og:site_name\" content=\"VELAZO.\" \/>\n<meta property=\"article:modified_time\" content=\"2026-04-14T11:47:52+00:00\" \/>\n<meta property=\"og:image\" content=\"https:\/\/velazo-b2b.com\/wp-content\/uploads\/2025\/04\/8060-2-satyna-a-scaled.webp\" \/>\n\t<meta property=\"og:image:width\" content=\"2560\" \/>\n\t<meta property=\"og:image:height\" content=\"2560\" \/>\n\t<meta property=\"og:image:type\" content=\"image\/webp\" \/>\n<meta name=\"twitter:card\" content=\"summary_large_image\" \/>\n<script type=\"application\/ld+json\" class=\"yoast-schema-graph\">{\"@context\":\"https:\\\/\\\/schema.org\",\"@graph\":[{\"@type\":\"WebPage\",\"@id\":\"https:\\\/\\\/velazo-b2b.com\\\/product\\\/two-bowl-overlay-sink-80-x-60-micro-decor-with-siphon\\\/\",\"url\":\"https:\\\/\\\/velazo-b2b.com\\\/product\\\/two-bowl-overlay-sink-80-x-60-micro-decor-with-siphon\\\/\",\"name\":\"Two-bowl Overlay Sink 80 \u00d7 60 micro-decor with siphon - VELAZO.\",\"isPartOf\":{\"@id\":\"https:\\\/\\\/velazo-b2b.com\\\/#website\"},\"primaryImageOfPage\":{\"@id\":\"https:\\\/\\\/velazo-b2b.com\\\/product\\\/two-bowl-overlay-sink-80-x-60-micro-decor-with-siphon\\\/#primaryimage\"},\"image\":{\"@id\":\"https:\\\/\\\/velazo-b2b.com\\\/product\\\/two-bowl-overlay-sink-80-x-60-micro-decor-with-siphon\\\/#primaryimage\"},\"thumbnailUrl\":\"https:\\\/\\\/velazo-b2b.com\\\/wp-content\\\/uploads\\\/2025\\\/04\\\/8060-2-satyna-a-scaled.webp\",\"datePublished\":\"2025-04-09T14:39:33+00:00\",\"dateModified\":\"2026-04-14T11:47:52+00:00\",\"breadcrumb\":{\"@id\":\"https:\\\/\\\/velazo-b2b.com\\\/product\\\/two-bowl-overlay-sink-80-x-60-micro-decor-with-siphon\\\/#breadcrumb\"},\"inLanguage\":\"pl-PL\",\"potentialAction\":[{\"@type\":\"ReadAction\",\"target\":[\"https:\\\/\\\/velazo-b2b.com\\\/product\\\/two-bowl-overlay-sink-80-x-60-micro-decor-with-siphon\\\/\"]}]},{\"@type\":\"ImageObject\",\"inLanguage\":\"pl-PL\",\"@id\":\"https:\\\/\\\/velazo-b2b.com\\\/product\\\/two-bowl-overlay-sink-80-x-60-micro-decor-with-siphon\\\/#primaryimage\",\"url\":\"https:\\\/\\\/velazo-b2b.com\\\/wp-content\\\/uploads\\\/2025\\\/04\\\/8060-2-satyna-a-scaled.webp\",\"contentUrl\":\"https:\\\/\\\/velazo-b2b.com\\\/wp-content\\\/uploads\\\/2025\\\/04\\\/8060-2-satyna-a-scaled.webp\",\"width\":2560,\"height\":2560},{\"@type\":\"BreadcrumbList\",\"@id\":\"https:\\\/\\\/velazo-b2b.com\\\/product\\\/two-bowl-overlay-sink-80-x-60-micro-decor-with-siphon\\\/#breadcrumb\",\"itemListElement\":[{\"@type\":\"ListItem\",\"position\":1,\"name\":\"Home\",\"item\":\"https:\\\/\\\/velazo-b2b.com\\\/\"},{\"@type\":\"ListItem\",\"position\":2,\"name\":\"Shop\",\"item\":\"https:\\\/\\\/velazo-b2b.com\\\/shop-page\\\/\"},{\"@type\":\"ListItem\",\"position\":3,\"name\":\"Two-bowl Overlay Sink 80 \u00d7 60 micro-decor with siphon\"}]},{\"@type\":\"WebSite\",\"@id\":\"https:\\\/\\\/velazo-b2b.com\\\/#website\",\"url\":\"https:\\\/\\\/velazo-b2b.com\\\/\",\"name\":\"VELAZO.\",\"description\":\"\",\"potentialAction\":[{\"@type\":\"SearchAction\",\"target\":{\"@type\":\"EntryPoint\",\"urlTemplate\":\"https:\\\/\\\/velazo-b2b.com\\\/?s={search_term_string}\"},\"query-input\":{\"@type\":\"PropertyValueSpecification\",\"valueRequired\":true,\"valueName\":\"search_term_string\"}}],\"inLanguage\":\"pl-PL\"}]}<\/script>\n<!-- \/ Yoast SEO plugin. -->","yoast_head_json":{"title":"Zlewozmywak dwukomorowy nak\u0142adany 80 \u00d7 60 mikrodekor z syfonem - VELAZO.","robots":{"index":"index","follow":"follow","max-snippet":"max-snippet:-1","max-image-preview":"max-image-preview:large","max-video-preview":"max-video-preview:-1"},"canonical":"https:\/\/velazo-b2b.com\/pl\/produkt\/zlewozmywak-dwukomorowy-nakladany-80-x-60-micro-decor-z-syfonem\/","og_locale":"pl_PL","og_type":"article","og_title":"Two-bowl Overlay Sink 80 \u00d7 60 micro-decor with siphon - VELAZO.","og_description":"Technical specifications: Type&nbsp;: Two-chamber Installation method&nbsp;: Overlay Finish&nbsp;: Decor \u2013 linen-like, scratch-resistant and easy to keep clean Material&nbsp;: Stainless steel Dimensions&nbsp;:Length: 80 cm Width: 60 cm Depth: 16 cm Metal","og_url":"https:\/\/velazo-b2b.com\/pl\/produkt\/zlewozmywak-dwukomorowy-nakladany-80-x-60-micro-decor-z-syfonem\/","og_site_name":"VELAZO.","article_modified_time":"2026-04-14T11:47:52+00:00","og_image":[{"width":2560,"height":2560,"url":"https:\/\/velazo-b2b.com\/wp-content\/uploads\/2025\/04\/8060-2-satyna-a-scaled.webp","type":"image\/webp"}],"twitter_card":"summary_large_image","schema":{"@context":"https:\/\/schema.org","@graph":[{"@type":"WebPage","@id":"https:\/\/velazo-b2b.com\/product\/two-bowl-overlay-sink-80-x-60-micro-decor-with-siphon\/","url":"https:\/\/velazo-b2b.com\/product\/two-bowl-overlay-sink-80-x-60-micro-decor-with-siphon\/","name":"Zlewozmywak dwukomorowy nak\u0142adany 80 \u00d7 60 mikrodekor z syfonem - VELAZO.","isPartOf":{"@id":"https:\/\/velazo-b2b.com\/#website"},"primaryImageOfPage":{"@id":"https:\/\/velazo-b2b.com\/product\/two-bowl-overlay-sink-80-x-60-micro-decor-with-siphon\/#primaryimage"},"image":{"@id":"https:\/\/velazo-b2b.com\/product\/two-bowl-overlay-sink-80-x-60-micro-decor-with-siphon\/#primaryimage"},"thumbnailUrl":"https:\/\/velazo-b2b.com\/wp-content\/uploads\/2025\/04\/8060-2-satyna-a-scaled.webp","datePublished":"2025-04-09T14:39:33+00:00","dateModified":"2026-04-14T11:47:52+00:00","breadcrumb":{"@id":"https:\/\/velazo-b2b.com\/product\/two-bowl-overlay-sink-80-x-60-micro-decor-with-siphon\/#breadcrumb"},"inLanguage":"pl-PL","potentialAction":[{"@type":"ReadAction","target":["https:\/\/velazo-b2b.com\/product\/two-bowl-overlay-sink-80-x-60-micro-decor-with-siphon\/"]}]},{"@type":"ImageObject","inLanguage":"pl-PL","@id":"https:\/\/velazo-b2b.com\/product\/two-bowl-overlay-sink-80-x-60-micro-decor-with-siphon\/#primaryimage","url":"https:\/\/velazo-b2b.com\/wp-content\/uploads\/2025\/04\/8060-2-satyna-a-scaled.webp","contentUrl":"https:\/\/velazo-b2b.com\/wp-content\/uploads\/2025\/04\/8060-2-satyna-a-scaled.webp","width":2560,"height":2560},{"@type":"BreadcrumbList","@id":"https:\/\/velazo-b2b.com\/product\/two-bowl-overlay-sink-80-x-60-micro-decor-with-siphon\/#breadcrumb","itemListElement":[{"@type":"ListItem","position":1,"name":"Home","item":"https:\/\/velazo-b2b.com\/"},{"@type":"ListItem","position":2,"name":"Shop","item":"https:\/\/velazo-b2b.com\/shop-page\/"},{"@type":"ListItem","position":3,"name":"Two-bowl Overlay Sink 80 \u00d7 60 micro-decor with siphon"}]},{"@type":"WebSite","@id":"https:\/\/velazo-b2b.com\/#website","url":"https:\/\/velazo-b2b.com\/","name":"VELAZO.","description":"","potentialAction":[{"@type":"SearchAction","target":{"@type":"EntryPoint","urlTemplate":"https:\/\/velazo-b2b.com\/?s={search_term_string}"},"query-input":{"@type":"PropertyValueSpecification","valueRequired":true,"valueName":"search_term_string"}}],"inLanguage":"pl-PL"}]}},"_links":{"self":[{"href":"https:\/\/velazo-b2b.com\/pl\/wp-json\/wp\/v2\/product\/304","targetHints":{"allow":["GET"]}}],"collection":[{"href":"https:\/\/velazo-b2b.com\/pl\/wp-json\/wp\/v2\/product"}],"about":[{"href":"https:\/\/velazo-b2b.com\/pl\/wp-json\/wp\/v2\/types\/product"}],"replies":[{"embeddable":true,"href":"https:\/\/velazo-b2b.com\/pl\/wp-json\/wp\/v2\/comments?post=304"}],"version-history":[{"count":0,"href":"https:\/\/velazo-b2b.com\/pl\/wp-json\/wp\/v2\/product\/304\/revisions"}],"wp:featuredmedia":[{"embeddable":true,"href":"https:\/\/velazo-b2b.com\/pl\/wp-json\/wp\/v2\/media\/303"}],"wp:attachment":[{"href":"https:\/\/velazo-b2b.com\/pl\/wp-json\/wp\/v2\/media?parent=304"}],"wp:term":[{"taxonomy":"product_cat","embeddable":true,"href":"https:\/\/velazo-b2b.com\/pl\/wp-json\/wp\/v2\/product_cat?post=304"},{"taxonomy":"product_tag","embeddable":true,"href":"https:\/\/velazo-b2b.com\/pl\/wp-json\/wp\/v2\/product_tag?post=304"}],"curies":[{"name":"wp","href":"https:\/\/api.w.org\/{rel}","templated":true}]}}